{"id":1092,"date":"2015-02-23T16:29:55","date_gmt":"2015-02-23T15:29:55","guid":{"rendered":"http:\/\/www.sv-dirlammen.de\/?page_id=1092"},"modified":"2016-10-29T14:59:10","modified_gmt":"2016-10-29T13:59:10","slug":"gymnastikstunde-wie-vor-30-jahren-30-04-2014","status":"publish","type":"page","link":"https:\/\/www.sv-dirlammen.de\/?page_id=1092","title":{"rendered":"Gymnastikstunde wie vor 30 Jahren (30.04.2014)"},"content":{"rendered":"<p>Anl\u00e4sslich des 30-j\u00e4hrigen Jubil\u00e4ums der Abteilung Gymnastik des SV Dirlammen e.V. fand am Mittwoch, 30. April 2014, f\u00fcr alle Aktiven eine \u201eGymnastikstunde wie vor 30 Jahren\u201c statt. Die beiden \u00dcbungsleiterinnen hatten sich f\u00fcr ihre Gruppen ein Programm von damals einfallen lassen.<\/p>\n<p>Die Aerobic-Gruppen unter der Leitung von Astrid Roth studierten einen Tanz ein, der Mitte der 80er zu einem bekannten Pop-Medley von \u201eStars on 45\u201c erstmals pr\u00e4sentiert wurde. Leider war die Musik nur noch in schlechter Qualit\u00e4t auf Kassette vorhanden&#8230; doch das Internet macht alles m\u00f6glich und so konnte man die Original-Version von damals downloaden. Auch die pinkfarbenen T-Shirts mit passenden Stulpen, Stirn- und Schwei\u00dfb\u00e4ndern fanden sich noch im Lager der Abteilung Gymnastik und wurden somit von den meisten Teilnehmerinnen getragen. Ein passendes Outfit der 80er war Pflicht f\u00fcr die Stunde und so konnten einige verschiedene Modelle bewundert werden. Nat\u00fcrlich wurde zum Schluss der Tanz auf Film festgehalten.<\/p>\n<p>Sehr beliebt waren zu der Gr\u00fcndungszeit der Abteilung Gymnastik auch V\u00f6lkerballturniere und Spiele ohne Grenzen, bei denen die Gymnastikgruppe Dirlammen mit viel Spa\u00df und Erfolg \u00fcber Jahre teilnahm. Manuela Philipp als Leiterin der jetzigen Gymnastikgruppe der \u00c4lteren packte deshalb in ihre Stunde jede Menge dieser Spiele und eine Gesichts-Gymnastik, die immer gerne gemacht wurde.<\/p>\n<p>Nach der Gymnastikstunde hatten alle noch gemeinsam viel Spa\u00df beim Betrachten der vielen Fotos aus 30 Jahren. Ein gro\u00dfes aktuelles Gruppenbild wurde gerahmt und erhielt einen Ehrenplatz im Dorfgemeinschaftshaus. Mit gutem Essen und Trinken wurde der sch\u00f6ne Abend beendet.<\/p>\n<p style=\"text-align: left;\">&nbsp; &nbsp; &nbsp; &nbsp; &nbsp; &nbsp; &nbsp; &nbsp; &nbsp; &nbsp; &nbsp;<img loading=\"lazy\" decoding=\"async\" class=\"alignnone wp-image-1098\" src=\"https:\/\/www.sv-dirlammen.de\/wp-content\/uploads\/2015\/01\/Gruppenbild-300x225.jpg\" alt=\"OLYMPUS DIGITAL CAMERA\" width=\"328\" height=\"248\"><\/p>\n<p>&nbsp;<strong><a href=\"https:\/\/www.sv-dirlammen.de\/wp-content\/uploads\/2015\/01\/P4300586.jpg\"><img loading=\"lazy\" decoding=\"async\" class=\"alignnone wp-image-1101\" src=\"https:\/\/www.sv-dirlammen.de\/wp-content\/uploads\/2015\/01\/P4300567-300x225.jpg\" alt=\"OLYMPUS DIGITAL CAMERA\" width=\"214\" height=\"162\" srcset=\"https:\/\/www.sv-dirlammen.de\/wp-content\/uploads\/2015\/01\/P4300567-300x225.jpg 300w, https:\/\/www.sv-dirlammen.de\/wp-content\/uploads\/2015\/01\/P4300567-1024x768.jpg 1024w, https:\/\/www.sv-dirlammen.de\/wp-content\/uploads\/2015\/01\/P4300567-400x300.jpg 400w\" sizes=\"auto, (max-width: 214px) 100vw, 214px\" \/>&nbsp; &nbsp; &nbsp; &nbsp;&nbsp;<img loading=\"lazy\" decoding=\"async\" class=\"alignnone wp-image-1108\" src=\"https:\/\/www.sv-dirlammen.de\/wp-content\/uploads\/2015\/01\/P4300586-300x225.jpg\" alt=\"OLYMPUS DIGITAL CAMERA\" width=\"216\" height=\"164\"><\/a><\/strong><\/p>\n<p><strong><a href=\"https:\/\/www.sv-dirlammen.de\/wp-content\/uploads\/2015\/01\/P4300585.jpg\"><img loading=\"lazy\" decoding=\"async\" class=\"alignnone wp-image-1107\" src=\"https:\/\/www.sv-dirlammen.de\/wp-content\/uploads\/2015\/01\/P4300585-300x225.jpg\" alt=\"OLYMPUS DIGITAL CAMERA\" width=\"210\" height=\"159\" srcset=\"https:\/\/www.sv-dirlammen.de\/wp-content\/uploads\/2015\/01\/P4300585-300x225.jpg 300w, https:\/\/www.sv-dirlammen.de\/wp-content\/uploads\/2015\/01\/P4300585-1024x768.jpg 1024w, https:\/\/www.sv-dirlammen.de\/wp-content\/uploads\/2015\/01\/P4300585-400x300.jpg 400w\" sizes=\"auto, (max-width: 210px) 100vw, 210px\" \/><\/a>&nbsp; &nbsp; &nbsp; &nbsp; &nbsp;&nbsp;<a href=\"https:\/\/www.sv-dirlammen.de\/wp-content\/uploads\/2015\/01\/P4300584.jpg\"><img loading=\"lazy\" decoding=\"async\" class=\"alignnone wp-image-1106\" src=\"https:\/\/www.sv-dirlammen.de\/wp-content\/uploads\/2015\/01\/P4300584-300x225.jpg\" alt=\"OLYMPUS DIGITAL CAMERA\" width=\"214\" height=\"163\"><\/a> <a href=\"https:\/\/www.sv-dirlammen.de\/wp-content\/uploads\/2015\/01\/P4300581.jpg\"><img loading=\"lazy\" decoding=\"async\" class=\"alignnone wp-image-1105\" src=\"https:\/\/www.sv-dirlammen.de\/wp-content\/uploads\/2015\/01\/P4300581-225x300.jpg\" alt=\"OLYMPUS DIGITAL CAMERA\" width=\"152\" height=\"199\"><\/a>&nbsp; &nbsp; &nbsp; &nbsp; &nbsp; &nbsp; &nbsp; &nbsp; &nbsp; &nbsp; &nbsp; &nbsp;<a href=\"https:\/\/www.sv-dirlammen.de\/wp-content\/uploads\/2015\/01\/P4300576.jpg\"><img loading=\"lazy\" decoding=\"async\" class=\"alignnone wp-image-1104\" src=\"https:\/\/www.sv-dirlammen.de\/wp-content\/uploads\/2015\/01\/P4300576-300x225.jpg\" alt=\"OLYMPUS DIGITAL CAMERA\" width=\"211\" height=\"161\"><\/a> <a href=\"https:\/\/www.sv-dirlammen.de\/wp-content\/uploads\/2015\/01\/P4300569.jpg\"><img loading=\"lazy\" decoding=\"async\" class=\"alignnone wp-image-1103\" src=\"https:\/\/www.sv-dirlammen.de\/wp-content\/uploads\/2015\/01\/P4300569-300x225.jpg\" alt=\"OLYMPUS DIGITAL CAMERA\" width=\"215\" height=\"163\"><\/a>&nbsp; &nbsp; &nbsp; &nbsp;&nbsp; <a href=\"https:\/\/www.sv-dirlammen.de\/wp-content\/uploads\/2015\/01\/P4300568.jpg\"><img loading=\"lazy\" decoding=\"async\" class=\"alignnone wp-image-1102\" src=\"https:\/\/www.sv-dirlammen.de\/wp-content\/uploads\/2015\/01\/P4300568-300x225.jpg\" alt=\"OLYMPUS DIGITAL CAMERA\" width=\"214\" height=\"163\"><\/a>&nbsp;&nbsp;<a href=\"https:\/\/www.sv-dirlammen.de\/wp-content\/uploads\/2015\/01\/P4300566.jpg\"><img loading=\"lazy\" decoding=\"async\" class=\"alignnone wp-image-1100\" src=\"https:\/\/www.sv-dirlammen.de\/wp-content\/uploads\/2015\/01\/P4300566-300x225.jpg\" alt=\"OLYMPUS DIGITAL CAMERA\" width=\"215\" height=\"163\"><\/a>&nbsp; &nbsp; &nbsp; &nbsp; &nbsp;<a href=\"https:\/\/www.sv-dirlammen.de\/wp-content\/uploads\/2015\/01\/P43006091.jpg\"><img loading=\"lazy\" decoding=\"async\" class=\"alignnone wp-image-1096\" src=\"https:\/\/www.sv-dirlammen.de\/wp-content\/uploads\/2015\/01\/P43006091-300x225.jpg\" alt=\"OLYMPUS DIGITAL CAMERA\" width=\"222\" height=\"169\"><\/a> <a href=\"https:\/\/www.sv-dirlammen.de\/wp-content\/uploads\/2015\/01\/P43005681.jpg\"><img loading=\"lazy\" decoding=\"async\" class=\"alignnone wp-image-1109\" src=\"https:\/\/www.sv-dirlammen.de\/wp-content\/uploads\/2015\/01\/P43005681-300x225.jpg\" alt=\"OLYMPUS DIGITAL CAMERA\" width=\"215\" height=\"163\"><\/a>&nbsp; &nbsp; &nbsp; &nbsp;&nbsp; <a href=\"https:\/\/www.sv-dirlammen.de\/wp-content\/uploads\/2015\/01\/P4300606.jpg\"><img loading=\"lazy\" decoding=\"async\" class=\"alignnone wp-image-1110\" src=\"https:\/\/www.sv-dirlammen.de\/wp-content\/uploads\/2015\/01\/P4300606-300x225.jpg\" alt=\"OLYMPUS DIGITAL CAMERA\" width=\"227\" height=\"173\"><\/a> <a href=\"https:\/\/www.sv-dirlammen.de\/wp-content\/uploads\/2015\/01\/P4300588.jpg\"><img loading=\"lazy\" decoding=\"async\" class=\"alignnone wp-image-1111\" src=\"https:\/\/www.sv-dirlammen.de\/wp-content\/uploads\/2015\/01\/P4300588-300x225.jpg\" alt=\"OLYMPUS DIGITAL CAMERA\" width=\"217\" height=\"164\" srcset=\"https:\/\/www.sv-dirlammen.de\/wp-content\/uploads\/2015\/01\/P4300588-300x225.jpg 300w, https:\/\/www.sv-dirlammen.de\/wp-content\/uploads\/2015\/01\/P4300588-1024x768.jpg 1024w, https:\/\/www.sv-dirlammen.de\/wp-content\/uploads\/2015\/01\/P4300588-400x300.jpg 400w\" sizes=\"auto, (max-width: 217px) 100vw, 217px\" \/><\/a>&nbsp; &nbsp; &nbsp; &nbsp; &nbsp;<a href=\"https:\/\/www.sv-dirlammen.de\/wp-content\/uploads\/2015\/01\/P4300603.jpg\"><img loading=\"lazy\" decoding=\"async\" class=\"alignnone wp-image-1112\" src=\"https:\/\/www.sv-dirlammen.de\/wp-content\/uploads\/2015\/01\/P4300603-300x225.jpg\" alt=\"OLYMPUS DIGITAL CAMERA\" width=\"232\" height=\"177\"><\/a>&nbsp; &nbsp;&nbsp;<\/strong><\/p>\n<p><strong>&nbsp; &nbsp; &nbsp; &nbsp; &nbsp; &nbsp; &nbsp; &nbsp; &nbsp; &nbsp; &nbsp; &nbsp; &nbsp; &nbsp; &nbsp; &nbsp; &nbsp;<a href=\"https:\/\/www.sv-dirlammen.de\/wp-content\/uploads\/2015\/01\/P4300604.jpg\"><img loading=\"lazy\" decoding=\"async\" class=\"alignnone wp-image-1113\" src=\"https:\/\/www.sv-dirlammen.de\/wp-content\/uploads\/2015\/01\/P4300604-300x225.jpg\" alt=\"OLYMPUS DIGITAL CAMERA\" width=\"227\" height=\"173\"><\/a><\/strong><\/p>\n<p><img loading=\"lazy\" decoding=\"async\" class=\"alignnone wp-image-1097\" src=\"https:\/\/www.sv-dirlammen.de\/wp-content\/uploads\/2015\/01\/Gruppe-Manuela-300x225.jpg\" alt=\"OLYMPUS DIGITAL CAMERA\" width=\"251\" height=\"191\">&nbsp; &nbsp; &nbsp;&nbsp;<img loading=\"lazy\" decoding=\"async\" class=\"alignnone wp-image-1099\" src=\"https:\/\/www.sv-dirlammen.de\/wp-content\/uploads\/2015\/01\/Kegeln-300x225.jpg\" alt=\"OLYMPUS DIGITAL CAMERA\" width=\"261\" height=\"199\"><\/p>\n","protected":false},"excerpt":{"rendered":"<p>Anl\u00e4sslich des 30-j\u00e4hrigen Jubil\u00e4ums der Abteilung Gymnastik des SV Dirlammen e.V. fand am Mittwoch, 30. April 2014, f\u00fcr alle Aktiven eine \u201eGymnastikstunde wie vor 30 Jahren\u201c statt. Die beiden \u00dcbungsleiterinnen hatten sich f\u00fcr ihre Gruppen ein Programm von damals einfallen &hellip; <a href=\"https:\/\/www.sv-dirlammen.de\/?page_id=1092\">Weiterlesen <span class=\"meta-nav\">&rarr;<\/span><\/a><\/p>\n","protected":false},"author":13,"featured_media":0,"parent":1117,"menu_order":0,"comment_status":"closed","ping_status":"closed","template":"","meta":{"ngg_post_thumbnail":0,"footnotes":""},"class_list":["post-1092","page","type-page","status-publish","hentry"],"_links":{"self":[{"href":"https:\/\/www.sv-dirlammen.de\/index.php?rest_route=\/wp\/v2\/pages\/1092","targetHints":{"allow":["GET"]}}],"collection":[{"href":"https:\/\/www.sv-dirlammen.de\/index.php?rest_route=\/wp\/v2\/pages"}],"about":[{"href":"https:\/\/www.sv-dirlammen.de\/index.php?rest_route=\/wp\/v2\/types\/page"}],"author":[{"embeddable":true,"href":"https:\/\/www.sv-dirlammen.de\/index.php?rest_route=\/wp\/v2\/users\/13"}],"replies":[{"embeddable":true,"href":"https:\/\/www.sv-dirlammen.de\/index.php?rest_route=%2Fwp%2Fv2%2Fcomments&post=1092"}],"version-history":[{"count":8,"href":"https:\/\/www.sv-dirlammen.de\/index.php?rest_route=\/wp\/v2\/pages\/1092\/revisions"}],"predecessor-version":[{"id":1633,"href":"https:\/\/www.sv-dirlammen.de\/index.php?rest_route=\/wp\/v2\/pages\/1092\/revisions\/1633"}],"up":[{"embeddable":true,"href":"https:\/\/www.sv-dirlammen.de\/index.php?rest_route=\/wp\/v2\/pages\/1117"}],"wp:attachment":[{"href":"https:\/\/www.sv-dirlammen.de\/index.php?rest_route=%2Fwp%2Fv2%2Fmedia&parent=1092"}],"curies":[{"name":"wp","href":"https:\/\/api.w.org\/{rel}","templated":true}]}}