{"id":2,"date":"2009-03-25T00:31:45","date_gmt":"2009-03-24T23:31:45","guid":{"rendered":"http:\/\/v3.sv-dirlammen.de\/?page_id=2"},"modified":"2015-01-24T14:13:46","modified_gmt":"2015-01-24T13:13:46","slug":"ueber-mich","status":"publish","type":"page","link":"https:\/\/www.sv-dirlammen.de\/?page_id=2","title":{"rendered":"Impressum"},"content":{"rendered":"<p><strong>Sportverein Dirlammen 1963 e. V.<\/strong><\/p>\n<p>Sandra J\u00f6ckel<br \/>\nThomas J\u00f6ckel<br \/>\nDirk Ziegenhain<br \/>\nLisa Ritz<br \/>\nSibylle Bernges<br \/>\nChristopher Wrona<\/p>\n<p>Haftungshinweis: Trotz sorgf\u00e4ltiger inhaltlicher Kontrolle \u00fcbernehmen wir keine Haftung f\u00fcr die Inhalte externer Links. F\u00fcr den Inhalt der verlinkten Seiten sind ausschlie\u00dflich deren Betreiber verantwortlich.<\/p>\n<p>Wir haben keinerlei Einfluss auf die aktuelle und zuk\u00fcnftige Gestaltung und auf die Inhalte der verlinkten Seiten. Deshalb distanzieren wir uns hiermit ausdr\u00fccklich von allen Inhalten aller verlinkten Seiten. Diese Feststellung gilt f\u00fcr alle innerhalb des eigenen Internetangebotes gesetzten Links und Verweise. F\u00fcr illegale, fehlerhafte oder unvollst\u00e4ndige Inhalte und insbesondere f\u00fcr Sch\u00e4den, die aus der Nutzung oder Nichtnutzung solcherart dargebotener Informationen entstehen, haftet allein der Anbieter der Seite, auf welche verwiesen wurde, nicht derjenige, der \u00fcber Links auf die jeweilige Ver\u00f6ffentlichung lediglich verweist.<\/p>\n","protected":false},"excerpt":{"rendered":"<p>Sportverein Dirlammen 1963 e. V. Sandra J\u00f6ckel Thomas J\u00f6ckel Dirk Ziegenhain Lisa Ritz Sibylle Bernges Christopher Wrona Haftungshinweis: Trotz sorgf\u00e4ltiger inhaltlicher Kontrolle \u00fcbernehmen wir keine Haftung f\u00fcr die Inhalte externer Links. F\u00fcr den Inhalt der verlinkten Seiten sind ausschlie\u00dflich deren &hellip; <a href=\"https:\/\/www.sv-dirlammen.de\/?page_id=2\">Weiterlesen <span class=\"meta-nav\">&rarr;<\/span><\/a><\/p>\n","protected":false},"author":17,"featured_media":0,"parent":0,"menu_order":0,"comment_status":"closed","ping_status":"closed","template":"","meta":{"ngg_post_thumbnail":0,"footnotes":""},"class_list":["post-2","page","type-page","status-publish","hentry"],"_links":{"self":[{"href":"https:\/\/www.sv-dirlammen.de\/index.php?rest_route=\/wp\/v2\/pages\/2","targetHints":{"allow":["GET"]}}],"collection":[{"href":"https:\/\/www.sv-dirlammen.de\/index.php?rest_route=\/wp\/v2\/pages"}],"about":[{"href":"https:\/\/www.sv-dirlammen.de\/index.php?rest_route=\/wp\/v2\/types\/page"}],"author":[{"embeddable":true,"href":"https:\/\/www.sv-dirlammen.de\/index.php?rest_route=\/wp\/v2\/users\/17"}],"replies":[{"embeddable":true,"href":"https:\/\/www.sv-dirlammen.de\/index.php?rest_route=%2Fwp%2Fv2%2Fcomments&post=2"}],"version-history":[{"count":11,"href":"https:\/\/www.sv-dirlammen.de\/index.php?rest_route=\/wp\/v2\/pages\/2\/revisions"}],"predecessor-version":[{"id":1044,"href":"https:\/\/www.sv-dirlammen.de\/index.php?rest_route=\/wp\/v2\/pages\/2\/revisions\/1044"}],"wp:attachment":[{"href":"https:\/\/www.sv-dirlammen.de\/index.php?rest_route=%2Fwp%2Fv2%2Fmedia&parent=2"}],"curies":[{"name":"wp","href":"https:\/\/api.w.org\/{rel}","templated":true}]}}