{"id":24,"date":"2012-01-10T15:00:51","date_gmt":"2012-01-10T14:00:51","guid":{"rendered":"http:\/\/v3.sv-dirlammen.de\/?page_id=24"},"modified":"2013-01-21T16:08:47","modified_gmt":"2013-01-21T15:08:47","slug":"links","status":"publish","type":"page","link":"https:\/\/www.sv-dirlammen.de\/?page_id=24","title":{"rendered":"Links"},"content":{"rendered":"<p><strong>Allgemein<\/strong><\/p>\n<ul>\n<li><a title=\"Gemeinde Lautertal (Vogelsberg)\" href=\"http:\/\/www.lautertal-vogelsberg.de\" target=\"_blank\">Gemeinde Lautertal (Vogelsberg)<\/a><\/li>\n<li><a title=\"Die Seiten der Burschenschaft Dirlammen.\" href=\"http:\/\/http:\/\/www.burschenschaft-dirlammen.de\/\" target=\"_blank\">Burschenschaft Dirlammen<\/a><\/li>\n<\/ul>\n<p><strong>Fu\u00dfball<\/strong><\/p>\n<ul>\n<li>folgt<\/li>\n<\/ul>\n<p style=\"text-align: left;\"><strong>Tischtennis<\/strong><\/p>\n<ul>\n<li><a title=\"TT Kreis Vogelsberg\" href=\"http:\/\/www.tt-kreis-vogelsberg.de\" target=\"_blank\">TT-Kreis Vogelsberg<\/a><\/li>\n<li><a title=\"Click-TT des HTTV\" href=\"http:\/\/httv.click-tt.de\" target=\"_blank\">Hessischer Tischtennis-Verband e. V.<\/a><\/li>\n<li><a title=\"Plobb\" href=\"http:\/\/www.ttplopp.de\/\" target=\"_blank\">Plobb &#8211; Das TT Magazin f\u00fcr Hessen<\/a><\/li>\n<li><a title=\"DTTL TV\" href=\"http:\/\/www.dttl.tv\/\" target=\"_blank\">Fernsehen (TV) der Deutschen Tischtennis Liga (DTTL)<\/a><\/li>\n<li><a title=\"TT - Info\" href=\"http:\/\/www.tt-info.de\/\" target=\"_blank\">TT Info<\/a><\/li>\n<\/ul>\n<p><strong>Gymnastik<\/strong><\/p>\n<ul>\n<li>folgt<\/li>\n<\/ul>\n<p>Noch mehr Links f\u00fcr diese Seite oder ihre eigene Webseite fehlt? Schnell schicken \u00fcbers <a title=\"Kontakt\" href=\"http:\/\/www.sv-dirlammen.de\/?page_id=233\">Kontaktformular<\/a>.<\/p>\n","protected":false},"excerpt":{"rendered":"<p>Allgemein Gemeinde Lautertal (Vogelsberg) Burschenschaft Dirlammen Fu\u00dfball folgt Tischtennis TT-Kreis Vogelsberg Hessischer Tischtennis-Verband e. V. Plobb &#8211; Das TT Magazin f\u00fcr Hessen Fernsehen (TV) der Deutschen Tischtennis Liga (DTTL) TT Info Gymnastik folgt Noch mehr Links f\u00fcr diese Seite oder &hellip; <a href=\"https:\/\/www.sv-dirlammen.de\/?page_id=24\">Weiterlesen <span class=\"meta-nav\">&rarr;<\/span><\/a><\/p>\n","protected":false},"author":13,"featured_media":0,"parent":0,"menu_order":0,"comment_status":"closed","ping_status":"open","template":"sidebar-page.php","meta":{"ngg_post_thumbnail":0,"footnotes":""},"class_list":["post-24","page","type-page","status-publish","hentry"],"_links":{"self":[{"href":"https:\/\/www.sv-dirlammen.de\/index.php?rest_route=\/wp\/v2\/pages\/24","targetHints":{"allow":["GET"]}}],"collection":[{"href":"https:\/\/www.sv-dirlammen.de\/index.php?rest_route=\/wp\/v2\/pages"}],"about":[{"href":"https:\/\/www.sv-dirlammen.de\/index.php?rest_route=\/wp\/v2\/types\/page"}],"author":[{"embeddable":true,"href":"https:\/\/www.sv-dirlammen.de\/index.php?rest_route=\/wp\/v2\/users\/13"}],"replies":[{"embeddable":true,"href":"https:\/\/www.sv-dirlammen.de\/index.php?rest_route=%2Fwp%2Fv2%2Fcomments&post=24"}],"version-history":[{"count":21,"href":"https:\/\/www.sv-dirlammen.de\/index.php?rest_route=\/wp\/v2\/pages\/24\/revisions"}],"predecessor-version":[{"id":304,"href":"https:\/\/www.sv-dirlammen.de\/index.php?rest_route=\/wp\/v2\/pages\/24\/revisions\/304"}],"wp:attachment":[{"href":"https:\/\/www.sv-dirlammen.de\/index.php?rest_route=%2Fwp%2Fv2%2Fmedia&parent=24"}],"curies":[{"name":"wp","href":"https:\/\/api.w.org\/{rel}","templated":true}]}}