{"id":405,"date":"2013-03-10T14:49:37","date_gmt":"2013-03-10T13:49:37","guid":{"rendered":"http:\/\/www.sv-dirlammen.de\/?page_id=405"},"modified":"2013-03-10T18:43:38","modified_gmt":"2013-03-10T17:43:38","slug":"kursangebote","status":"publish","type":"page","link":"https:\/\/www.sv-dirlammen.de\/?page_id=405","title":{"rendered":"Allgemeine Gymnastik"},"content":{"rendered":"<p><strong>Allgemeine<\/strong> <strong>Gymnastik<\/strong><br \/>\n\u00dcbungsleiterin: Manuela Philipp<br \/>\nMittwoch 18:45 Uhr &#8211; 19:45 Uhr DGH Dirlammen<\/p>\n<div id=\"attachment_414\" style=\"width: 594px\" class=\"wp-caption aligncenter\"><a href=\"http:\/\/www.sv-dirlammen.de\/wp-content\/uploads\/2013\/03\/2_Allgemeine-Gymnastik.jpg\"><img loading=\"lazy\" decoding=\"async\" aria-describedby=\"caption-attachment-414\" class=\"size-large wp-image-414\" alt=\"2_Allgemeine Gymnastik\" src=\"http:\/\/www.sv-dirlammen.de\/wp-content\/uploads\/2013\/03\/2_Allgemeine-Gymnastik-1024x768.jpg\" width=\"584\" height=\"438\" srcset=\"https:\/\/www.sv-dirlammen.de\/wp-content\/uploads\/2013\/03\/2_Allgemeine-Gymnastik-1024x768.jpg 1024w, https:\/\/www.sv-dirlammen.de\/wp-content\/uploads\/2013\/03\/2_Allgemeine-Gymnastik-300x225.jpg 300w, https:\/\/www.sv-dirlammen.de\/wp-content\/uploads\/2013\/03\/2_Allgemeine-Gymnastik-400x300.jpg 400w\" sizes=\"auto, (max-width: 584px) 100vw, 584px\" \/><\/a><p id=\"caption-attachment-414\" class=\"wp-caption-text\">von links\u00a0hinten: Manuela Philipp, Helga Harder, Helga Greb, Ingrid Schulz, Helga Br\u00e4hler, Petra Seling, Gudrun Roth;\u00a0vorne: Doris Reichenbach, Angelika Schneider;\u00a0es fehlen: Margret Groth, Edith Heil, Gudrun Zinn<\/p><\/div>\n<p style=\"text-align: left;\">Diese Stunde ist eine bunte Mischung aus Gymnastik (Funktionsgymnastik \/\u00a0Gymnastik mit klassischen und modernen Hand-\/Fitnessger\u00e4ten), Krafttraining,\u00a0Spielen, Entspannungs\u00fcbungen und bei sch\u00f6nem Wetter auch Walking. Mit viel Spa\u00df\u00a0an der Bewegung wird die Fitness und Gesundheit gest\u00e4rkt.\u00a0Bei dieser Gruppe geht es auch nach dem Training immer noch sch\u00f6n weiter&#8230;<\/p>\n","protected":false},"excerpt":{"rendered":"<p>Allgemeine Gymnastik \u00dcbungsleiterin: Manuela Philipp Mittwoch 18:45 Uhr &#8211; 19:45 Uhr DGH Dirlammen Diese Stunde ist eine bunte Mischung aus Gymnastik (Funktionsgymnastik \/\u00a0Gymnastik mit klassischen und modernen Hand-\/Fitnessger\u00e4ten), Krafttraining,\u00a0Spielen, Entspannungs\u00fcbungen und bei sch\u00f6nem Wetter auch Walking. Mit viel Spa\u00df\u00a0an der &hellip; <a href=\"https:\/\/www.sv-dirlammen.de\/?page_id=405\">Weiterlesen <span class=\"meta-nav\">&rarr;<\/span><\/a><\/p>\n","protected":false},"author":13,"featured_media":0,"parent":187,"menu_order":0,"comment_status":"closed","ping_status":"closed","template":"","meta":{"ngg_post_thumbnail":0,"footnotes":""},"class_list":["post-405","page","type-page","status-publish","hentry"],"_links":{"self":[{"href":"https:\/\/www.sv-dirlammen.de\/index.php?rest_route=\/wp\/v2\/pages\/405","targetHints":{"allow":["GET"]}}],"collection":[{"href":"https:\/\/www.sv-dirlammen.de\/index.php?rest_route=\/wp\/v2\/pages"}],"about":[{"href":"https:\/\/www.sv-dirlammen.de\/index.php?rest_route=\/wp\/v2\/types\/page"}],"author":[{"embeddable":true,"href":"https:\/\/www.sv-dirlammen.de\/index.php?rest_route=\/wp\/v2\/users\/13"}],"replies":[{"embeddable":true,"href":"https:\/\/www.sv-dirlammen.de\/index.php?rest_route=%2Fwp%2Fv2%2Fcomments&post=405"}],"version-history":[{"count":16,"href":"https:\/\/www.sv-dirlammen.de\/index.php?rest_route=\/wp\/v2\/pages\/405\/revisions"}],"predecessor-version":[{"id":466,"href":"https:\/\/www.sv-dirlammen.de\/index.php?rest_route=\/wp\/v2\/pages\/405\/revisions\/466"}],"up":[{"embeddable":true,"href":"https:\/\/www.sv-dirlammen.de\/index.php?rest_route=\/wp\/v2\/pages\/187"}],"wp:attachment":[{"href":"https:\/\/www.sv-dirlammen.de\/index.php?rest_route=%2Fwp%2Fv2%2Fmedia&parent=405"}],"curies":[{"name":"wp","href":"https:\/\/api.w.org\/{rel}","templated":true}]}}