{"id":483,"date":"2013-03-11T20:55:35","date_gmt":"2013-03-11T19:55:35","guid":{"rendered":"http:\/\/www.sv-dirlammen.de\/?page_id=483"},"modified":"2016-10-29T14:52:50","modified_gmt":"2016-10-29T13:52:50","slug":"allgemeines","status":"publish","type":"page","link":"https:\/\/www.sv-dirlammen.de\/?page_id=483","title":{"rendered":"Allgemeines"},"content":{"rendered":"<p><a href=\"https:\/\/www.sv-dirlammen.de\/wp-content\/uploads\/2013\/01\/1_Gruppenbild-ausgeschnitten.jpg\"><img loading=\"lazy\" decoding=\"async\" src=\"https:\/\/www.sv-dirlammen.de\/wp-content\/uploads\/2013\/01\/1_Gruppenbild-ausgeschnitten-1024x426.jpg\" alt=\"1_Gruppenbild ausgeschnitten\" width=\"584\" height=\"242\"><\/a>In&nbsp;Dirlammen sind die Frauen fit und aktiv! Allerdings sind nicht alle Frauen aus Dirlammen. Von den z.Zt. 46 aktiven Frauen (in drei Gruppen) wohnen 19 direkt in Dirlammen, darunter die beiden seit 1998 t\u00e4tigen \u00dcbungsleiterinnen. Die restlichen Teilnehmerinnen kommen aus anderen Ortsteilen von Lautertal, Schwalmtal, Feldatal und aus Frischborn. Die Gymnastikabteilung wurde im Jahre 1984 gegr\u00fcndet. Anfangs wurde das ganze Jahr jeden Mittwoch eine Stunde &#8222;Gymnastik f\u00fcr Alle&#8220; abgehalten. Seit dem Jahr 1998 bieten wir j\u00e4hrlich im Fr\u00fchjahr (Februar bis Juni) und im Herbst (August bis November) Kurse mit jeweils ca. 12 &#8211; 15 Einheiten an.<\/p>\n<p><strong>Allgemeines zur Abteilung Gymnastik<\/strong><br \/>\nIn den ersten Jahren der Abteilung Gymnastik fanden viele V\u00f6lker- und<br \/>\nBrennballturniere und auch Spiele ohne Grenzen statt, bei denen wir immer gerne<br \/>\nteilgenommen haben. Dabei konnten wir auch einige Pokale nach Hause holen.<br \/>\nAllerdings war uns der Spa\u00df und der Kontakt mit anderen Mannschaften bei der<br \/>\nTeilnahme immer wichtiger als ein Sieg. Bei sportlichen Veranstaltungen (z.B. Vereinssporttag, Gymnastik-Schau) oder auch sonstigen Feierlichkeiten wurden durch die Gruppen schon viele T\u00e4nze oder Step-Aerobic-Vorf\u00fchrungen, ganz neu jetzt Drums Alive\u00ae, pr\u00e4sentiert. Wir freuen uns auf die gro\u00dfe Gymnastikschau des Turngaus Mittelhessen f\u00fcr den&nbsp;Bereich Vogelsbergkreis, die der SV Dirlammen e.V. im Rahmen der Feierlichkeiten zu seinem 50-j\u00e4hrigem Jubil\u00e4um am 10. M\u00e4rz 2013 in der Gro\u00dfsporthalle an der Wascherde in Lauterbach ausrichtet. Die Vorbereitungen in den einzelnen Gruppen zur Pr\u00e4sentation der verschiedener Auff\u00fchrungen laufen schon l\u00e4nger&#8230;<br \/>\nDie Geselligkeit kommt in der Abteilung Gymnastik auch nicht zu kurz. Die Kurse<br \/>\nwerden immer mit einem gemeinsamen Abschlussfest beendet. W\u00e4hrend wir im<br \/>\nSommer die Saison mit einem Grillabend abschlie\u00dfen, gibt es im Winter nat\u00fcrlich<br \/>\neine sch\u00f6ne Weihnachtsfeier mit leckerem Essen.<\/p>\n<p>Am ersten Adventswochenende findet die traditionelle Fahrt mit unserem<br \/>\nBusunternehmen Sch\u00e4fer zu einem Weihnachtsmarkt statt. Seit \u00fcber 15 Jahren<br \/>\nhaben wir hier schon viele St\u00e4dte besucht und neben den gro\u00dfen<br \/>\nWeihnachtseink\u00e4ufen jede Menge Gl\u00fchwein getrunken. Bei einigen von uns kann man tats\u00e4chlich eine Gl\u00fchweintassensammlung quer durch Deutschland bewundern&#8230;<\/p>\n<p>Leider ist mangels Anmeldungen unsere 2-Tagesfahrt im Mai in den letzten Jahren<br \/>\nnicht mehr zustande gekommen. Im Rhythmus von 2 Jahren haben wir schon tolle<br \/>\nAusfl\u00fcge gemacht, bei denen wir viel gesehen haben und immer sehr viel Spa\u00df<br \/>\nhatten. Vielleicht klappt es ja bald wieder mal&#8230;<\/p>\n<p><em>Stand: Januar 2013<\/em><\/p>\n<p>&nbsp;<\/p>\n","protected":false},"excerpt":{"rendered":"<p>In&nbsp;Dirlammen sind die Frauen fit und aktiv! Allerdings sind nicht alle Frauen aus Dirlammen. Von den z.Zt. 46 aktiven Frauen (in drei Gruppen) wohnen 19 direkt in Dirlammen, darunter die beiden seit 1998 t\u00e4tigen \u00dcbungsleiterinnen. Die restlichen Teilnehmerinnen kommen aus &hellip; <a href=\"https:\/\/www.sv-dirlammen.de\/?page_id=483\">Weiterlesen <span class=\"meta-nav\">&rarr;<\/span><\/a><\/p>\n","protected":false},"author":13,"featured_media":0,"parent":187,"menu_order":0,"comment_status":"closed","ping_status":"closed","template":"","meta":{"ngg_post_thumbnail":0,"footnotes":""},"class_list":["post-483","page","type-page","status-publish","hentry"],"_links":{"self":[{"href":"https:\/\/www.sv-dirlammen.de\/index.php?rest_route=\/wp\/v2\/pages\/483","targetHints":{"allow":["GET"]}}],"collection":[{"href":"https:\/\/www.sv-dirlammen.de\/index.php?rest_route=\/wp\/v2\/pages"}],"about":[{"href":"https:\/\/www.sv-dirlammen.de\/index.php?rest_route=\/wp\/v2\/types\/page"}],"author":[{"embeddable":true,"href":"https:\/\/www.sv-dirlammen.de\/index.php?rest_route=\/wp\/v2\/users\/13"}],"replies":[{"embeddable":true,"href":"https:\/\/www.sv-dirlammen.de\/index.php?rest_route=%2Fwp%2Fv2%2Fcomments&post=483"}],"version-history":[{"count":8,"href":"https:\/\/www.sv-dirlammen.de\/index.php?rest_route=\/wp\/v2\/pages\/483\/revisions"}],"predecessor-version":[{"id":1627,"href":"https:\/\/www.sv-dirlammen.de\/index.php?rest_route=\/wp\/v2\/pages\/483\/revisions\/1627"}],"up":[{"embeddable":true,"href":"https:\/\/www.sv-dirlammen.de\/index.php?rest_route=\/wp\/v2\/pages\/187"}],"wp:attachment":[{"href":"https:\/\/www.sv-dirlammen.de\/index.php?rest_route=%2Fwp%2Fv2%2Fmedia&parent=483"}],"curies":[{"name":"wp","href":"https:\/\/api.w.org\/{rel}","templated":true}]}}