{"id":500,"date":"2013-03-11T21:27:56","date_gmt":"2013-03-11T20:27:56","guid":{"rendered":"http:\/\/www.sv-dirlammen.de\/?page_id=500"},"modified":"2013-03-11T21:28:43","modified_gmt":"2013-03-11T20:28:43","slug":"die-abteilung-tt-stellt-sich-vor","status":"publish","type":"page","link":"https:\/\/www.sv-dirlammen.de\/?page_id=500","title":{"rendered":"Die Abteilung TT stellt sich vor"},"content":{"rendered":"<p>Die ersten Vereinsmeisterschaften fanden in 1977 statt. Bis ins Jahr 1990 wurde in der alten Schule in Dirlammen gespielt. Anschlie\u00dfend sind wir in das umgebaute DGH umgezogen. Zus\u00e4tzlich steht die Schulturnhalle in Engelrod als Spiellokal zur Verf\u00fcgung. Gezielte Sch\u00fcler- und Jugendarbeit war und ist immer ein fester Bestandteil der Abteilung. Diese Nachwuchsarbeit hat sich ausgezahlt und immer wieder neue Talente hervorgebracht, die auf Kreis- und Bezirksebene gute bis sehr gute Platzierungen belegten. Hierdurch wurde unter anderem auch der Fortbestand der Abteilung gesichert. Neben \u201cunserem\u201d Siggi waren weitere Trainer im Einsatz. Diese Nachwuchsarbeit muss fortgef\u00fchrt werden, um in dem mittlerweile viel schwierigeren Umfeld bestehen zu k\u00f6nnen.<\/p>\n<p>Sport hat nicht nur mit Leistung und Erfolg zu tun, Kameradschaft und Spa\u00df geh\u00f6ren genauso dazu. Hier war und ist unsere Abteilung auch sehr aktiv. Neben den seit Jahren regelm\u00e4\u00dfig stattfindenden Veranstaltungen wie Rundenabschluss mit Grillen oder der Jahresabschlussfeier mit Ehrung der Vereinsmeister zwischen den Jahren gab es immer wieder zus\u00e4tzliche Aktivit\u00e4ten. So fanden in den 90er Jahren regelm\u00e4\u00dfig Zweitagesausfl\u00fcge statt. Hierbei wurden auch des \u00f6fteren TT-Freundschaftsspiele ausgetragen oder Bundesligaspiele besucht. Auch wurden alle Meisterschaften nat\u00fcrlich entsprechend gefeiert.<\/p>\n<p>Im Laufe der Jahre wuchs die Abteilung auf bis zu f\u00fcnf Senioren-, eine Damen- und jeweils zwei Sch\u00fcler- und Jugendmannschaften an. In den mittlerweile rund 38 Jahren hat die Abteilung mehrere Meistertitel geholt und Pokalsiege errungen. Hinzu kommen noch zahlreiche gute Platzierung bei vielen Veranstaltungen insbesondere im Nachwuchs-bereich. Wir haben auf die einzelne Nennung der vielen Erfolge von Mannschaften und Spielern, sei es im Nachwuchs- oder Seniorenbereich, verzichtet. Die Abteilung hatte auch \u00fcber Jahrzehnte bei Helga und Richard ein \u201cVereinslokal\u201d. Dort haben wir viele Feste gefeiert. Sei es nach den Spielen zusammen mit den Gastmannschaften oder im Rahmen der obligatorischen Veranstaltungen. Mittlerweile ist die Gastst\u00e4tte geschlossen und wir sind zur Gastst\u00e4tte Seling gewechselt wo wir auch gut \u201cbetreut\u201d werden.<\/p>\n<p>Die Verantwortlichen der Abteilung sorgen mit den vielen Helfern in unserer Abteilung auch daf\u00fcr, dass der SV Dirlammen h\u00e4ufig Ausrichter von Meisterschaften auf Kreis und Bezirksebene war und dadurch zus\u00e4tzliche Einnahmen f\u00fcr den Verein erwirtschaftet wurden. Auch hat ihr Einsatz dazu gef\u00fchrt, dass die Tischtennisabteilung des SV Dirlammen im gesamten Kreis sehr gesch\u00e4tzt wird und eine gute Kameradschaft mit nahezu allen Vereinen besteht.<\/p>\n<p>Danke sagen wir allen die uns all die Jahre bei unseren vielf\u00e4ltigen Aktivit\u00e4ten unterst\u00fctzt und gef\u00f6rdert haben, insbesondere unseren G\u00f6nnern und Freunden, den gemeindlichen Gremien sowie dem Vorstand des SV Dirlammen.<\/p>\n","protected":false},"excerpt":{"rendered":"<p>Die ersten Vereinsmeisterschaften fanden in 1977 statt. Bis ins Jahr 1990 wurde in der alten Schule in Dirlammen gespielt. Anschlie\u00dfend sind wir in das umgebaute DGH umgezogen. Zus\u00e4tzlich steht die Schulturnhalle in Engelrod als Spiellokal zur Verf\u00fcgung. Gezielte Sch\u00fcler- und &hellip; <a href=\"https:\/\/www.sv-dirlammen.de\/?page_id=500\">Weiterlesen <span class=\"meta-nav\">&rarr;<\/span><\/a><\/p>\n","protected":false},"author":13,"featured_media":0,"parent":43,"menu_order":0,"comment_status":"closed","ping_status":"closed","template":"","meta":{"ngg_post_thumbnail":0,"footnotes":""},"class_list":["post-500","page","type-page","status-publish","hentry"],"_links":{"self":[{"href":"https:\/\/www.sv-dirlammen.de\/index.php?rest_route=\/wp\/v2\/pages\/500","targetHints":{"allow":["GET"]}}],"collection":[{"href":"https:\/\/www.sv-dirlammen.de\/index.php?rest_route=\/wp\/v2\/pages"}],"about":[{"href":"https:\/\/www.sv-dirlammen.de\/index.php?rest_route=\/wp\/v2\/types\/page"}],"author":[{"embeddable":true,"href":"https:\/\/www.sv-dirlammen.de\/index.php?rest_route=\/wp\/v2\/users\/13"}],"replies":[{"embeddable":true,"href":"https:\/\/www.sv-dirlammen.de\/index.php?rest_route=%2Fwp%2Fv2%2Fcomments&post=500"}],"version-history":[{"count":2,"href":"https:\/\/www.sv-dirlammen.de\/index.php?rest_route=\/wp\/v2\/pages\/500\/revisions"}],"predecessor-version":[{"id":502,"href":"https:\/\/www.sv-dirlammen.de\/index.php?rest_route=\/wp\/v2\/pages\/500\/revisions\/502"}],"up":[{"embeddable":true,"href":"https:\/\/www.sv-dirlammen.de\/index.php?rest_route=\/wp\/v2\/pages\/43"}],"wp:attachment":[{"href":"https:\/\/www.sv-dirlammen.de\/index.php?rest_route=%2Fwp%2Fv2%2Fmedia&parent=500"}],"curies":[{"name":"wp","href":"https:\/\/api.w.org\/{rel}","templated":true}]}}