{"id":518,"date":"2013-03-11T21:42:27","date_gmt":"2013-03-11T20:42:27","guid":{"rendered":"http:\/\/www.sv-dirlammen.de\/?page_id=518"},"modified":"2013-05-20T17:35:11","modified_gmt":"2013-05-20T16:35:11","slug":"2-herren-mannschaft","status":"publish","type":"page","link":"https:\/\/www.sv-dirlammen.de\/?page_id=518","title":{"rendered":"2. Herren-Mannschaft"},"content":{"rendered":"<div id=\"attachment_557\" style=\"width: 594px\" class=\"wp-caption aligncenter\"><img loading=\"lazy\" decoding=\"async\" aria-describedby=\"caption-attachment-557\" class=\"size-large wp-image-557\" alt=\"2. Mannschaft\" src=\"http:\/\/www.sv-dirlammen.de\/wp-content\/uploads\/2013\/03\/2.-Mannschaft-1024x898.jpg\" width=\"584\" height=\"512\" srcset=\"https:\/\/www.sv-dirlammen.de\/wp-content\/uploads\/2013\/03\/2.-Mannschaft-1024x898.jpg 1024w, https:\/\/www.sv-dirlammen.de\/wp-content\/uploads\/2013\/03\/2.-Mannschaft-300x263.jpg 300w, https:\/\/www.sv-dirlammen.de\/wp-content\/uploads\/2013\/03\/2.-Mannschaft-341x300.jpg 341w\" sizes=\"auto, (max-width: 584px) 100vw, 584px\" \/><p id=\"caption-attachment-557\" class=\"wp-caption-text\">vlnr: Frank Br\u00e4hler, Kurt Listmann, Walter R\u00f6mer, Erich Merz, Rolf Kn\u00f6\u00df, Siegfried Heil<\/p><\/div>\n<p style=\"text-align: left;\">Herren \u2013 Kreisklasse Gr. 3<br \/>\n<strong>Heimspiele: samstags, 18:30 Uhr<\/strong><br \/>\nSpiellokal 1: Schulturnhalle in Engelrod<br \/>\nSpiellokal 2: DGH Dirlammen<br \/>\nMannschaftsf\u00fchrer: Frank Br\u00e4hler<\/p>\n<p><strong>Ergebnisdienst<\/strong>: <a href=\"http:\/\/httv.click-tt.de\/cgi-bin\/WebObjects\/ClickSWTTV.woa\/wa\/groupPage?championship=K24+12%2F13&amp;group=181006\">click-tt<\/a><\/p>\n","protected":false},"excerpt":{"rendered":"<p>Herren \u2013 Kreisklasse Gr. 3 Heimspiele: samstags, 18:30 Uhr Spiellokal 1: Schulturnhalle in Engelrod Spiellokal 2: DGH Dirlammen Mannschaftsf\u00fchrer: Frank Br\u00e4hler Ergebnisdienst: click-tt<\/p>\n","protected":false},"author":13,"featured_media":0,"parent":43,"menu_order":0,"comment_status":"closed","ping_status":"closed","template":"","meta":{"ngg_post_thumbnail":0,"footnotes":""},"class_list":["post-518","page","type-page","status-publish","hentry"],"_links":{"self":[{"href":"https:\/\/www.sv-dirlammen.de\/index.php?rest_route=\/wp\/v2\/pages\/518","targetHints":{"allow":["GET"]}}],"collection":[{"href":"https:\/\/www.sv-dirlammen.de\/index.php?rest_route=\/wp\/v2\/pages"}],"about":[{"href":"https:\/\/www.sv-dirlammen.de\/index.php?rest_route=\/wp\/v2\/types\/page"}],"author":[{"embeddable":true,"href":"https:\/\/www.sv-dirlammen.de\/index.php?rest_route=\/wp\/v2\/users\/13"}],"replies":[{"embeddable":true,"href":"https:\/\/www.sv-dirlammen.de\/index.php?rest_route=%2Fwp%2Fv2%2Fcomments&post=518"}],"version-history":[{"count":10,"href":"https:\/\/www.sv-dirlammen.de\/index.php?rest_route=\/wp\/v2\/pages\/518\/revisions"}],"predecessor-version":[{"id":913,"href":"https:\/\/www.sv-dirlammen.de\/index.php?rest_route=\/wp\/v2\/pages\/518\/revisions\/913"}],"up":[{"embeddable":true,"href":"https:\/\/www.sv-dirlammen.de\/index.php?rest_route=\/wp\/v2\/pages\/43"}],"wp:attachment":[{"href":"https:\/\/www.sv-dirlammen.de\/index.php?rest_route=%2Fwp%2Fv2%2Fmedia&parent=518"}],"curies":[{"name":"wp","href":"https:\/\/api.w.org\/{rel}","templated":true}]}}